{"id":15823,"date":"2022-07-11T17:20:23","date_gmt":"2022-07-11T17:20:23","guid":{"rendered":"https:\/\/holastaff.veinte13.com.mx\/?page_id=15823"},"modified":"2022-10-03T14:34:48","modified_gmt":"2022-10-03T14:34:48","slug":"transparencia","status":"publish","type":"page","link":"https:\/\/fundacionholastaff.org\/index.php\/transparencia\/","title":{"rendered":"Transparencia"},"content":{"rendered":"<p>[vc_row css_animation=&#8221;&#8221; row_type=&#8221;row&#8221; use_row_as_full_screen_section=&#8221;no&#8221; type=&#8221;full_width&#8221; angled_section=&#8221;no&#8221; text_align=&#8221;left&#8221; background_image_as_pattern=&#8221;without_pattern&#8221;][vc_column][vc_row_inner row_type=&#8221;row&#8221; type=&#8221;grid&#8221; text_align=&#8221;left&#8221; css_animation=&#8221;&#8221;][vc_column_inner width=&#8221;1\/2&#8243;][vc_empty_space][vc_column_text]<\/p>\n<p style=\"text-align: justify;\">En la Fundaci\u00f3n HolaStaff, adem\u00e1s de abanderar las causas sociales m\u00e1s profundas apegadas a nuestros valores, trabajamos con un principio fundamental: la transparencia, entendida como el ejercicio individual y grupal de garantizar el uso y destino \u00f3ptimo y honesto de los recursos, comprometidos a dar a conocer el trabajo realizado con estricto apego a derecho con el \u00fanico af\u00e1n de contribuir a la transformaci\u00f3n de nuestra sociedad con:<\/p>\n<p>[\/vc_column_text][vc_empty_space][vc_single_image image=&#8221;15825&#8243; img_size=&#8221;full&#8221; qode_css_animation=&#8221;&#8221;][vc_empty_space][\/vc_column_inner][vc_column_inner width=&#8221;1\/2&#8243;][vc_empty_space][vc_single_image image=&#8221;15824&#8243; img_size=&#8221;full&#8221; alignment=&#8221;center&#8221; qode_css_animation=&#8221;&#8221;][vc_empty_space][\/vc_column_inner][\/vc_row_inner][\/vc_column][\/vc_row]<\/p>\n","protected":false},"excerpt":{"rendered":"<p>[vc_row css_animation=&#8221;&#8221; row_type=&#8221;row&#8221; use_row_as_full_screen_section=&#8221;no&#8221; type=&#8221;full_width&#8221; angled_section=&#8221;no&#8221; text_align=&#8221;left&#8221; background_image_as_pattern=&#8221;without_pattern&#8221;][vc_column][vc_row_inner row_type=&#8221;row&#8221; type=&#8221;grid&#8221; text_align=&#8221;left&#8221; css_animation=&#8221;&#8221;][vc_column_inner width=&#8221;1\/2&#8243;][vc_empty_space][vc_column_text] En la Fundaci\u00f3n HolaStaff, adem\u00e1s de abanderar las causas sociales m\u00e1s profundas apegadas a nuestros valores, trabajamos con un principio fundamental: la transparencia, entendida como el ejercicio individual y grupal de garantizar&#8230;<\/p>\n","protected":false},"author":1,"featured_media":0,"parent":0,"menu_order":0,"comment_status":"closed","ping_status":"closed","template":"","meta":{"footnotes":""},"class_list":["post-15823","page","type-page","status-publish","hentry"],"_links":{"self":[{"href":"https:\/\/fundacionholastaff.org\/index.php\/wp-json\/wp\/v2\/pages\/15823","targetHints":{"allow":["GET"]}}],"collection":[{"href":"https:\/\/fundacionholastaff.org\/index.php\/wp-json\/wp\/v2\/pages"}],"about":[{"href":"https:\/\/fundacionholastaff.org\/index.php\/wp-json\/wp\/v2\/types\/page"}],"author":[{"embeddable":true,"href":"https:\/\/fundacionholastaff.org\/index.php\/wp-json\/wp\/v2\/users\/1"}],"replies":[{"embeddable":true,"href":"https:\/\/fundacionholastaff.org\/index.php\/wp-json\/wp\/v2\/comments?post=15823"}],"version-history":[{"count":1,"href":"https:\/\/fundacionholastaff.org\/index.php\/wp-json\/wp\/v2\/pages\/15823\/revisions"}],"predecessor-version":[{"id":15826,"href":"https:\/\/fundacionholastaff.org\/index.php\/wp-json\/wp\/v2\/pages\/15823\/revisions\/15826"}],"wp:attachment":[{"href":"https:\/\/fundacionholastaff.org\/index.php\/wp-json\/wp\/v2\/media?parent=15823"}],"curies":[{"name":"wp","href":"https:\/\/api.w.org\/{rel}","templated":true}]}}