{"id":15792,"date":"2022-07-11T03:41:40","date_gmt":"2022-07-11T03:41:40","guid":{"rendered":"https:\/\/holastaff.veinte13.com.mx\/?page_id=15792"},"modified":"2022-10-03T14:14:06","modified_gmt":"2022-10-03T14:14:06","slug":"15792-2","status":"publish","type":"page","link":"https:\/\/fundacionholastaff.org\/index.php\/15792-2\/","title":{"rendered":"\u00bfQui\u00e9nes somos?"},"content":{"rendered":"<p>[vc_row css_animation=&#8221;&#8221; row_type=&#8221;row&#8221; use_row_as_full_screen_section=&#8221;no&#8221; type=&#8221;full_width&#8221; angled_section=&#8221;no&#8221; text_align=&#8221;left&#8221; background_image_as_pattern=&#8221;without_pattern&#8221; z_index=&#8221;&#8221;][vc_column][vc_row_inner row_type=&#8221;row&#8221; type=&#8221;grid&#8221; text_align=&#8221;left&#8221; css_animation=&#8221;&#8221;][vc_column_inner][vc_column_text]<\/p>\n<p style=\"text-align: center;\">HolaStaff es una empresa integral de Recursos Humanos Avanzados, conscientes de que el verdadero bienestar de las personas se alcanza trabajando de manera comprometida por las causas sociales. Derivado de ello, se crea la Fundaci\u00f3n HolaStaff, una Asociaci\u00f3n Civil enfocada en brindar oportunidades y herramientas, que fortalezcan el desarrollo integral de l\u00edderes dispuestos a trabajar por y para su comunidad, de manera que juntos, contribuyamos a mejorar las condiciones de vida de nuestra sociedad.<\/p>\n<p>[\/vc_column_text][\/vc_column_inner][\/vc_row_inner][vc_row_inner row_type=&#8221;row&#8221; type=&#8221;grid&#8221; text_align=&#8221;left&#8221; css_animation=&#8221;&#8221;][vc_column_inner width=&#8221;1\/3&#8243;][vc_empty_space][vc_single_image image=&#8221;15793&#8243; img_size=&#8221;full&#8221; alignment=&#8221;center&#8221; qode_css_animation=&#8221;&#8221;][vc_empty_space][\/vc_column_inner][vc_column_inner width=&#8221;1\/3&#8243;][vc_empty_space][vc_single_image image=&#8221;15794&#8243; img_size=&#8221;full&#8221; alignment=&#8221;center&#8221; qode_css_animation=&#8221;&#8221;][vc_empty_space][\/vc_column_inner][vc_column_inner width=&#8221;1\/3&#8243;][vc_empty_space][vc_single_image image=&#8221;15795&#8243; img_size=&#8221;full&#8221; alignment=&#8221;center&#8221; qode_css_animation=&#8221;&#8221;][vc_empty_space][\/vc_column_inner][\/vc_row_inner][\/vc_column][\/vc_row][vc_row css_animation=&#8221;&#8221; row_type=&#8221;row&#8221; use_row_as_full_screen_section=&#8221;no&#8221; type=&#8221;full_width&#8221; angled_section=&#8221;no&#8221; text_align=&#8221;center&#8221; background_image_as_pattern=&#8221;without_pattern&#8221; z_index=&#8221;&#8221; background_image=&#8221;15796&#8243; padding_top=&#8221;400&#8243; padding_bottom=&#8221;400&#8243;][vc_column][vc_empty_space][vc_row_inner row_type=&#8221;row&#8221; type=&#8221;grid&#8221; text_align=&#8221;left&#8221; css_animation=&#8221;&#8221;][vc_column_inner width=&#8221;1\/2&#8243;][vc_empty_space][vc_column_text css=&#8221;.vc_custom_1657510823133{padding-top: 20px !important;padding-right: 35px !important;padding-bottom: 20px !important;padding-left: 35px !important;background-color: #e3e5e3 !important;}&#8221;]<\/p>\n<h2 style=\"text-align: center; color: #e71386;\">Misi\u00f3n<\/h2>\n<p style=\"text-align: center; color: #1d476c;\">Contribuir con acciones positivas a la mejora de la calidad de vida de las personas y el bienestar de las familias, a trav\u00e9s de impulso y desarrollo de iniciativas y programas creativos, innovadores y sostenibles de alto impacto que favorezcan el fortalecimiento de las comunidades y la disminuci\u00f3n de las desigualdades sociales.<\/p>\n<p>[\/vc_column_text][\/vc_column_inner][vc_column_inner width=&#8221;1\/2&#8243;][vc_empty_space][vc_column_text css=&#8221;.vc_custom_1657510842047{padding-top: 20px !important;padding-right: 35px !important;padding-bottom: 20px !important;padding-left: 35px !important;background-color: #e3e5e3 !important;}&#8221;]<\/p>\n<h2 style=\"text-align: center; color: #46aa4e;\">Visi\u00f3n<\/h2>\n<p style=\"text-align: center; color: #1d476c;\">Ser una fundaci\u00f3n con reconocimiento internacional por su profunda vocaci\u00f3n social, generadora de programas con gran nivel de eficiencia, eficacia y calidad, que trabaje de manera comprometida, transparente y humana por y para las causas sociales.<\/p>\n<p>[\/vc_column_text][\/vc_column_inner][\/vc_row_inner][vc_empty_space][\/vc_column][\/vc_row][vc_row css_animation=&#8221;&#8221; row_type=&#8221;row&#8221; use_row_as_full_screen_section=&#8221;no&#8221; type=&#8221;full_width&#8221; angled_section=&#8221;no&#8221; text_align=&#8221;left&#8221; background_image_as_pattern=&#8221;without_pattern&#8221;][vc_column][vc_empty_space][vc_column_text]<\/p>\n<h1 style=\"text-align: center;\"><strong>Prop\u00f3sitos<\/strong><\/h1>\n<p>[\/vc_column_text][vc_empty_space][vc_column_text]<\/p>\n<p style=\"text-align: center;\">Implementar programas sociales, educativos, culturales y de desarrollo comunitario sostenibles, con una visi\u00f3n equitativa en acceso e igualitaria en derechos, que puedan trascender y permanecer con el paso del tiempo a trav\u00e9s de 3 grandes objetivos estrat\u00e9gicos:<\/p>\n<p>[\/vc_column_text][vc_empty_space][vc_row_inner row_type=&#8221;row&#8221; type=&#8221;grid&#8221; text_align=&#8221;left&#8221; css_animation=&#8221;&#8221;][vc_column_inner width=&#8221;1\/3&#8243;]<div class=\"qode-info-card\">\n\t\t\t<div class=\"qode-info-card-image\" style=\"background-color:#e3e5e3\">\n\t\t\t<img decoding=\"async\" src=\"https:\/\/fundacionholastaff.org\/wp-content\/uploads\/2022\/07\/Imagen_6.png\" alt=\"\" \/>\n\t\t<\/div>\n\t\t<div class=\"qode-info-card-text-holder\" style=\"background-color:#e3e5e3\">\n\t\t\t\t\t<h3 class=\"qode-info-card-title\" style=\"color:#1d476c\">\n\t\t\t\tAgentes de Cambio\t\t\t<\/h3>\n\t\t\t\t\t\t\t<p class=\"qode-info-card-text\" style=\"color:#1d476c\">\n\t\t\t\tContribuir en la formaci\u00f3n de j\u00f3venes talentosos para que sean el cambio que la sociedad necesita, fomentando una cultura de voluntariado y corresponsabilidad.\t\t\t<\/p>\n\t\t\t<\/div>\n\t<\/div>[vc_empty_space][\/vc_column_inner][vc_column_inner width=&#8221;1\/3&#8243;]<div class=\"qode-info-card\">\n\t\t\t<div class=\"qode-info-card-image\" style=\"background-color:#e3e5e3\">\n\t\t\t<img decoding=\"async\" src=\"https:\/\/fundacionholastaff.org\/wp-content\/uploads\/2022\/07\/Imagen_7.png\" alt=\"\" \/>\n\t\t<\/div>\n\t\t<div class=\"qode-info-card-text-holder\" style=\"background-color:#e3e5e3\">\n\t\t\t\t\t<h3 class=\"qode-info-card-title\" style=\"color:#1d476c\">\n\t\t\t\tCausas Sociales\t\t\t<\/h3>\n\t\t\t\t\t\t\t<p class=\"qode-info-card-text\" style=\"color:#1d476c\">\n\t\t\t\tPromover y fortalecer a todas aquellas causas que contribuyan al desarrollo de una mejor sociedad.\t\t\t<\/p>\n\t\t\t<\/div>\n\t<\/div>[vc_empty_space][\/vc_column_inner][vc_column_inner width=&#8221;1\/3&#8243;]<div class=\"qode-info-card\">\n\t\t\t<div class=\"qode-info-card-image\" style=\"background-color:#e3e5e3\">\n\t\t\t<img decoding=\"async\" src=\"https:\/\/fundacionholastaff.org\/wp-content\/uploads\/2022\/07\/Imagen_8.png\" alt=\"\" \/>\n\t\t<\/div>\n\t\t<div class=\"qode-info-card-text-holder\" style=\"background-color:#e3e5e3\">\n\t\t\t\t\t<h3 class=\"qode-info-card-title\" style=\"color:#1d476c\">\n\t\t\t\tSuma de Voluntades\t\t\t<\/h3>\n\t\t\t\t\t\t\t<p class=\"qode-info-card-text\" style=\"color:#1d476c\">\n\t\t\t\tEstablecer alianzas con otras&lt;br \/&gt;\norganizaciones e instituciones p\u00fablicas y privadas, para fortalecer y multiplicar herramientas que permitan beneficiar a un mayor n\u00famero de personas.\t\t\t<\/p>\n\t\t\t<\/div>\n\t<\/div>[vc_empty_space][\/vc_column_inner][\/vc_row_inner][\/vc_column][\/vc_row][vc_row css_animation=&#8221;&#8221; row_type=&#8221;row&#8221; use_row_as_full_screen_section=&#8221;no&#8221; type=&#8221;full_width&#8221; angled_section=&#8221;no&#8221; text_align=&#8221;left&#8221; background_image_as_pattern=&#8221;without_pattern&#8221;][vc_column][vc_row_inner row_type=&#8221;row&#8221; type=&#8221;grid&#8221; text_align=&#8221;left&#8221; css_animation=&#8221;&#8221;][vc_column_inner][vc_column_text]<\/p>\n<h1 style=\"text-align: center;\">Valores<\/h1>\n<p>[\/vc_column_text][vc_empty_space][vc_single_image image=&#8221;15806&#8243; img_size=&#8221;full&#8221; alignment=&#8221;center&#8221; qode_css_animation=&#8221;&#8221;][vc_empty_space][\/vc_column_inner][\/vc_row_inner][\/vc_column][\/vc_row]<\/p>\n","protected":false},"excerpt":{"rendered":"<p>[vc_row css_animation=&#8221;&#8221; row_type=&#8221;row&#8221; use_row_as_full_screen_section=&#8221;no&#8221; type=&#8221;full_width&#8221; angled_section=&#8221;no&#8221; text_align=&#8221;left&#8221; background_image_as_pattern=&#8221;without_pattern&#8221; z_index=&#8221;&#8221;][vc_column][vc_row_inner row_type=&#8221;row&#8221; type=&#8221;grid&#8221; text_align=&#8221;left&#8221; css_animation=&#8221;&#8221;][vc_column_inner][vc_column_text] HolaStaff es una empresa integral de Recursos Humanos Avanzados, conscientes de que el verdadero bienestar de las personas se alcanza trabajando de manera comprometida por las causas sociales. Derivado de ello, se&#8230;<\/p>\n","protected":false},"author":1,"featured_media":0,"parent":0,"menu_order":0,"comment_status":"closed","ping_status":"closed","template":"full_width.php","meta":{"footnotes":""},"class_list":["post-15792","page","type-page","status-publish","hentry"],"_links":{"self":[{"href":"https:\/\/fundacionholastaff.org\/index.php\/wp-json\/wp\/v2\/pages\/15792","targetHints":{"allow":["GET"]}}],"collection":[{"href":"https:\/\/fundacionholastaff.org\/index.php\/wp-json\/wp\/v2\/pages"}],"about":[{"href":"https:\/\/fundacionholastaff.org\/index.php\/wp-json\/wp\/v2\/types\/page"}],"author":[{"embeddable":true,"href":"https:\/\/fundacionholastaff.org\/index.php\/wp-json\/wp\/v2\/users\/1"}],"replies":[{"embeddable":true,"href":"https:\/\/fundacionholastaff.org\/index.php\/wp-json\/wp\/v2\/comments?post=15792"}],"version-history":[{"count":11,"href":"https:\/\/fundacionholastaff.org\/index.php\/wp-json\/wp\/v2\/pages\/15792\/revisions"}],"predecessor-version":[{"id":15865,"href":"https:\/\/fundacionholastaff.org\/index.php\/wp-json\/wp\/v2\/pages\/15792\/revisions\/15865"}],"wp:attachment":[{"href":"https:\/\/fundacionholastaff.org\/index.php\/wp-json\/wp\/v2\/media?parent=15792"}],"curies":[{"name":"wp","href":"https:\/\/api.w.org\/{rel}","templated":true}]}}