{"id":15787,"date":"2022-07-11T02:38:33","date_gmt":"2022-07-11T02:38:33","guid":{"rendered":"https:\/\/holastaff.veinte13.com.mx\/?page_id=15787"},"modified":"2022-10-03T14:10:54","modified_gmt":"2022-10-03T14:10:54","slug":"que-hacemos","status":"publish","type":"page","link":"https:\/\/fundacionholastaff.org\/index.php\/que-hacemos\/","title":{"rendered":"\u00bfQu\u00e9 hacemos?"},"content":{"rendered":"<p>[vc_row css_animation=&#8221;&#8221; row_type=&#8221;row&#8221; use_row_as_full_screen_section=&#8221;no&#8221; type=&#8221;full_width&#8221; angled_section=&#8221;no&#8221; text_align=&#8221;left&#8221; background_image_as_pattern=&#8221;without_pattern&#8221;][vc_column][vc_row_inner row_type=&#8221;row&#8221; type=&#8221;grid&#8221; text_align=&#8221;left&#8221; css_animation=&#8221;&#8221;][vc_column_inner][vc_single_image image=&#8221;15812&#8243; img_size=&#8221;full&#8221; alignment=&#8221;center&#8221; qode_css_animation=&#8221;&#8221;][vc_empty_space][vc_single_image image=&#8221;15813&#8243; img_size=&#8221;full&#8221; alignment=&#8221;center&#8221; qode_css_animation=&#8221;&#8221;][vc_empty_space][\/vc_column_inner][\/vc_row_inner][vc_row_inner row_type=&#8221;row&#8221; type=&#8221;full_width&#8221; text_align=&#8221;left&#8221; css_animation=&#8221;&#8221;][vc_column_inner width=&#8221;1\/3&#8243;]<div class=\"qode-info-card\">\n\t\t\t<div class=\"qode-info-card-image\" style=\"background-color:#e3e5e3\">\n\t\t\t<img decoding=\"async\" src=\"https:\/\/fundacionholastaff.org\/wp-content\/uploads\/2022\/07\/Fundacio\u0301n_Hola_Staff_034.png\" alt=\"\" \/>\n\t\t<\/div>\n\t\t<div class=\"qode-info-card-text-holder\" style=\"background-color:#e3e5e3\">\n\t\t\t\t\t<h3 class=\"qode-info-card-title\" style=\"color:#1d476c\">\n\t\t\t\tEduacaci\u00f3n y Formaci\u00f3n\t\t\t<\/h3>\n\t\t\t\t\t\t\t<p class=\"qode-info-card-text\" style=\"color:#1d476c\">\n\t\t\t\tLa educaci\u00f3n es un derecho, no una aspiraci\u00f3n. Todas las ni\u00f1as, ni\u00f1os, j\u00f3venes y adultos en&lt;br \/&gt;\nsituaci\u00f3n de rezago deben tener la oportunidad de aprender y&lt;br \/&gt;\ndesarrollar su potencial.\t\t\t<\/p>\n\t\t\t<\/div>\n\t<\/div>[\/vc_column_inner][vc_column_inner width=&#8221;1\/3&#8243;]<div class=\"qode-info-card\">\n\t\t\t<div class=\"qode-info-card-image\" style=\"background-color:#e3e5e3\">\n\t\t\t<img decoding=\"async\" src=\"https:\/\/fundacionholastaff.org\/wp-content\/uploads\/2022\/07\/Fundacio\u0301n_Hola_Staff_035.png\" alt=\"\" \/>\n\t\t<\/div>\n\t\t<div class=\"qode-info-card-text-holder\" style=\"background-color:#e3e5e3\">\n\t\t\t\t\t<h3 class=\"qode-info-card-title\" style=\"color:#1d476c\">\n\t\t\t\tOrientaci\u00f3n Vocacional\t\t\t<\/h3>\n\t\t\t\t\t\t\t<p class=\"qode-info-card-text\" style=\"color:#1d476c\">\n\t\t\t\tconocimientos y habilidades tanto en el plano personal,&lt;br \/&gt;\nlaboral y de emprendimiento, a trav\u00e9s de metodolog\u00edas de&lt;br \/&gt;\norientaci\u00f3n vocacional.\t\t\t<\/p>\n\t\t\t<\/div>\n\t<\/div>[\/vc_column_inner][vc_column_inner width=&#8221;1\/3&#8243;]<div class=\"qode-info-card\">\n\t\t\t<div class=\"qode-info-card-image\" style=\"background-color:#e3e5e3\">\n\t\t\t<img decoding=\"async\" src=\"https:\/\/fundacionholastaff.org\/wp-content\/uploads\/2022\/07\/Fundacio\u0301n_Hola_Staff_036.png\" alt=\"\" \/>\n\t\t<\/div>\n\t\t<div class=\"qode-info-card-text-holder\" style=\"background-color:#e3e5e3\">\n\t\t\t\t\t<h3 class=\"qode-info-card-title\" style=\"color:#1d476c\">\n\t\t\t\tRE-INserci\u00f3n Laboral\t\t\t<\/h3>\n\t\t\t\t\t\t\t<p class=\"qode-info-card-text\" style=\"color:#1d476c\">\n\t\t\t\tContribuir en la construcci\u00f3n de una sociedad m\u00e1s emp\u00e1tica e&lt;br \/&gt;\nincluyente. \t\t\t<\/p>\n\t\t\t<\/div>\n\t<\/div>[\/vc_column_inner][\/vc_row_inner][\/vc_column][\/vc_row]<\/p>\n","protected":false},"excerpt":{"rendered":"<p>[vc_row css_animation=&#8221;&#8221; row_type=&#8221;row&#8221; use_row_as_full_screen_section=&#8221;no&#8221; type=&#8221;full_width&#8221; angled_section=&#8221;no&#8221; text_align=&#8221;left&#8221; background_image_as_pattern=&#8221;without_pattern&#8221;][vc_column][vc_row_inner row_type=&#8221;row&#8221; type=&#8221;grid&#8221; text_align=&#8221;left&#8221; css_animation=&#8221;&#8221;][vc_column_inner][vc_single_image image=&#8221;15812&#8243; img_size=&#8221;full&#8221; alignment=&#8221;center&#8221; qode_css_animation=&#8221;&#8221;][vc_empty_space][vc_single_image image=&#8221;15813&#8243; img_size=&#8221;full&#8221; alignment=&#8221;center&#8221; qode_css_animation=&#8221;&#8221;][vc_empty_space][\/vc_column_inner][\/vc_row_inner][vc_row_inner row_type=&#8221;row&#8221; type=&#8221;full_width&#8221; text_align=&#8221;left&#8221; css_animation=&#8221;&#8221;][vc_column_inner width=&#8221;1\/3&#8243;][\/vc_column_inner][vc_column_inner width=&#8221;1\/3&#8243;][\/vc_column_inner][vc_column_inner width=&#8221;1\/3&#8243;][\/vc_column_inner][\/vc_row_inner][\/vc_column][\/vc_row]<\/p>\n","protected":false},"author":1,"featured_media":0,"parent":0,"menu_order":0,"comment_status":"closed","ping_status":"closed","template":"","meta":{"footnotes":""},"class_list":["post-15787","page","type-page","status-publish","hentry"],"_links":{"self":[{"href":"https:\/\/fundacionholastaff.org\/index.php\/wp-json\/wp\/v2\/pages\/15787","targetHints":{"allow":["GET"]}}],"collection":[{"href":"https:\/\/fundacionholastaff.org\/index.php\/wp-json\/wp\/v2\/pages"}],"about":[{"href":"https:\/\/fundacionholastaff.org\/index.php\/wp-json\/wp\/v2\/types\/page"}],"author":[{"embeddable":true,"href":"https:\/\/fundacionholastaff.org\/index.php\/wp-json\/wp\/v2\/users\/1"}],"replies":[{"embeddable":true,"href":"https:\/\/fundacionholastaff.org\/index.php\/wp-json\/wp\/v2\/comments?post=15787"}],"version-history":[{"count":3,"href":"https:\/\/fundacionholastaff.org\/index.php\/wp-json\/wp\/v2\/pages\/15787\/revisions"}],"predecessor-version":[{"id":15819,"href":"https:\/\/fundacionholastaff.org\/index.php\/wp-json\/wp\/v2\/pages\/15787\/revisions\/15819"}],"wp:attachment":[{"href":"https:\/\/fundacionholastaff.org\/index.php\/wp-json\/wp\/v2\/media?parent=15787"}],"curies":[{"name":"wp","href":"https:\/\/api.w.org\/{rel}","templated":true}]}}