{"id":15556,"date":"2016-02-10T08:59:44","date_gmt":"2016-02-10T08:59:44","guid":{"rendered":"https:\/\/bridge3.qodeinteractive.com\/?page_id=5"},"modified":"2022-10-03T01:22:12","modified_gmt":"2022-10-03T01:22:12","slug":"home-8","status":"publish","type":"page","link":"https:\/\/fundacionholastaff.org\/","title":{"rendered":"Home"},"content":{"rendered":"<p>[vc_row css_animation=&#8221;&#8221; row_type=&#8221;row&#8221; use_row_as_full_screen_section=&#8221;no&#8221; type=&#8221;full_width&#8221; angled_section=&#8221;no&#8221; text_align=&#8221;left&#8221; background_image_as_pattern=&#8221;with_pattern&#8221; el_id=&#8221;planes&#8221; z_index=&#8221;&#8221; background_image=&#8221;15662&#8243; padding_top=&#8221;200px&#8221; padding_bottom=&#8221;200px&#8221;][vc_column][vc_empty_space][vc_row_inner row_type=&#8221;row&#8221; type=&#8221;grid&#8221; text_align=&#8221;left&#8221; css_animation=&#8221;&#8221;][vc_column_inner width=&#8221;1\/3&#8243;][vc_empty_space]<div class=\"qode-info-card\">\n\t\t\t<div class=\"qode-info-card-image\" style=\"background-color:#e3e5e3\">\n\t\t\t<img decoding=\"async\" src=\"https:\/\/fundacionholastaff.org\/wp-content\/uploads\/2022\/07\/Imagen__2.png\" alt=\"\" \/>\n\t\t<\/div>\n\t\t<div class=\"qode-info-card-text-holder\" style=\"background-color:#e3e5e3\">\n\t\t\t\t\t<h2 class=\"qode-info-card-title\" >\n\t\t\t\tPortal de aprendizaje en l\u00ednea\t\t\t<\/h2>\n\t\t\t\t\t\t\t<p class=\"qode-info-card-text\" >\n\t\t\t\tPonemos a tu disposici\u00f3n cursos en l\u00ednea totalmente gratuitos, dise\u00f1ados especialmente para que puedas prepararte continuamente en todas las etapas de tu carrera y as\u00ed, aspirar a una mejor oferta laboral.\t\t\t<\/p>\n\t\t\t<\/div>\n\t<\/div>[vc_empty_space][\/vc_column_inner][vc_column_inner width=&#8221;1\/3&#8243;][vc_empty_space]<div class=\"qode-info-card\">\n\t\t\t<div class=\"qode-info-card-image\" style=\"background-color:#e3e5e3\">\n\t\t\t<img decoding=\"async\" src=\"https:\/\/fundacionholastaff.org\/wp-content\/uploads\/2022\/07\/Imagen__3.png\" alt=\"\" \/>\n\t\t<\/div>\n\t\t<div class=\"qode-info-card-text-holder\" style=\"background-color:#e3e5e3\">\n\t\t\t\t\t<h2 class=\"qode-info-card-title\" >\n\t\t\t\tEstrategia de Orientaci\u00f3n Vocacional\t\t\t<\/h2>\n\t\t\t\t\t\t\t<p class=\"qode-info-card-text\" >\n\t\t\t\tApoyamos la reconversi\u00f3n de talento a trav\u00e9s del Convenio de Colaboraci\u00f3n con el Instituto Mexicano de Orientaci\u00f3n Vocacional y Profesional A.C. motivamos tu desarrollo personal y profesional por medio de la autoevaluaci\u00f3n, lo cual te permitir\u00e1 dise\u00f1ar una trayectoria educativa flexible acorde con tu historia acad\u00e9mica e intereses vocacionales, dar un giro a tu desarrollo profesional para encontrar la satisfacci\u00f3n laboral.\t\t\t<\/p>\n\t\t\t<\/div>\n\t<\/div>[vc_empty_space][\/vc_column_inner][vc_column_inner width=&#8221;1\/3&#8243;][vc_empty_space]<div class=\"qode-info-card\">\n\t\t\t<div class=\"qode-info-card-image\" style=\"background-color:#e3e5e3\">\n\t\t\t<img decoding=\"async\" src=\"https:\/\/fundacionholastaff.org\/wp-content\/uploads\/2022\/07\/Imagen__4.png\" alt=\"\" \/>\n\t\t<\/div>\n\t\t<div class=\"qode-info-card-text-holder\" style=\"background-color:#e3e5e3\">\n\t\t\t\t\t<h2 class=\"qode-info-card-title\" >\n\t\t\t\tHolaStaff KIDS\t\t\t<\/h2>\n\t\t\t\t\t\t\t<p class=\"qode-info-card-text\" >\n\t\t\t\tTe ofrecemos una selecci\u00f3n de programas y proyectos de acceso libre y gratuito de organismos e instituciones reconocidas que trabajan para fortalecer el pleno desarrollo integral e impulsar la creatividad de las ni\u00f1as y ni\u00f1os a trav\u00e9s del juego.\t\t\t<\/p>\n\t\t\t<\/div>\n\t<\/div>[vc_empty_space][\/vc_column_inner][\/vc_row_inner][vc_empty_space][\/vc_column][\/vc_row][vc_row css_animation=&#8221;&#8221; row_type=&#8221;row&#8221; use_row_as_full_screen_section=&#8221;no&#8221; type=&#8221;full_width&#8221; angled_section=&#8221;no&#8221; text_align=&#8221;left&#8221; background_image_as_pattern=&#8221;without_pattern&#8221; z_index=&#8221;&#8221; background_image=&#8221;15663&#8243;][vc_column][vc_empty_space][vc_row_inner row_type=&#8221;row&#8221; type=&#8221;grid&#8221; text_align=&#8221;left&#8221; css_animation=&#8221;&#8221;][vc_column_inner][vc_empty_space][vc_video link=&#8221;https:\/\/www.youtube.com\/watch?v=OIAnmBgVnS4&#8243; align=&#8221;center&#8221;][vc_empty_space][\/vc_column_inner][\/vc_row_inner][\/vc_column][\/vc_row][vc_row css_animation=&#8221;&#8221; row_type=&#8221;row&#8221; use_row_as_full_screen_section=&#8221;no&#8221; type=&#8221;full_width&#8221; angled_section=&#8221;no&#8221; text_align=&#8221;left&#8221; background_image_as_pattern=&#8221;without_pattern&#8221;][vc_column][vc_empty_space][\/vc_column][\/vc_row][vc_row css_animation=&#8221;&#8221; row_type=&#8221;row&#8221; use_row_as_full_screen_section=&#8221;no&#8221; type=&#8221;full_width&#8221; angled_section=&#8221;no&#8221; text_align=&#8221;left&#8221; background_image_as_pattern=&#8221;without_pattern&#8221;][vc_column][vc_row_inner row_type=&#8221;row&#8221; type=&#8221;grid&#8221; text_align=&#8221;left&#8221; css_animation=&#8221;&#8221;][vc_column_inner width=&#8221;2\/3&#8243;][vc_column_text]<\/p>\n<h2 style=\"text-align: center;\">Contacto<\/h2>\n<p>[\/vc_column_text][vc_column_text]<\/p>\n<p style=\"text-align: center;\">Deseas saber m\u00e1s d\u00e9janos tus datos y nos ponemos en contacto.<\/p>\n<p>[\/vc_column_text][vc_empty_space][\/vc_column_inner][vc_column_inner width=&#8221;1\/3&#8243;][\/vc_column_inner][\/vc_row_inner][vc_row_inner row_type=&#8221;row&#8221; type=&#8221;grid&#8221; text_align=&#8221;left&#8221; css_animation=&#8221;&#8221;][vc_column_inner width=&#8221;2\/3&#8243; css=&#8221;.vc_custom_1657596976463{background-color: #f1973c !important;border-radius: 10px !important;}&#8221;]<noscript class=\"ninja-forms-noscript-message\">\n    Notice: JavaScript is required for this content.<\/noscript><div id=\"nf-form-3-cont\" class=\"nf-form-cont\" aria-live=\"polite\" aria-labelledby=\"nf-form-title-3\" aria-describedby=\"nf-form-errors-3\" role=\"form\">\n\n    <div class=\"nf-loading-spinner\"><\/div>\n\n<\/div>\n        <!-- TODO: Move to Template File. -->\n        <script>var formDisplay=1;var nfForms=nfForms||[];var form=[];form.id='3';form.settings={\"objectType\":\"Form Setting\",\"editActive\":true,\"title\":\"Contacto\",\"show_title\":0,\"allow_public_link\":0,\"embed_form\":\"\",\"clear_complete\":1,\"hide_complete\":1,\"default_label_pos\":\"above\",\"wrapper_class\":\"\",\"element_class\":\"\",\"key\":\"\",\"add_submit\":1,\"changeEmailErrorMsg\":\"Please enter a valid email address!\",\"changeDateErrorMsg\":\"Please enter a valid date!\",\"confirmFieldErrorMsg\":\"These fields must match!\",\"fieldNumberNumMinError\":\"Number Min Error\",\"fieldNumberNumMaxError\":\"Number Max Error\",\"fieldNumberIncrementBy\":\"Please increment by \",\"formErrorsCorrectErrors\":\"Please correct errors before submitting this form.\",\"validateRequiredField\":\"This is a required field.\",\"honeypotHoneypotError\":\"Honeypot Error\",\"fieldsMarkedRequired\":\"Fields marked with an <span class=\\\"ninja-forms-req-symbol\\\">*<\\\/span> are required\",\"currency\":\"\",\"unique_field_error\":\"A form with this value has already been submitted.\",\"logged_in\":false,\"not_logged_in_msg\":\"\",\"sub_limit_msg\":\"The form has reached its submission limit.\",\"calculations\":[],\"formContentData\":[\"nombre_completo_1657501094245\",\"phone_1657501064682\",\"email_1657501070496\",\"textarea_1657501081417\",\"enviar_1657597177423\"],\"drawerDisabled\":false,\"ninjaForms\":\"Ninja Forms\",\"fieldTextareaRTEInsertLink\":\"Insert Link\",\"fieldTextareaRTEInsertMedia\":\"Insert Media\",\"fieldTextareaRTESelectAFile\":\"Select a file\",\"formHoneypot\":\"If you are a human seeing this field, please leave it empty.\",\"fileUploadOldCodeFileUploadInProgress\":\"File Upload in Progress.\",\"fileUploadOldCodeFileUpload\":\"FILE UPLOAD\",\"currencySymbol\":false,\"thousands_sep\":\",\",\"decimal_point\":\".\",\"siteLocale\":\"es_MX\",\"dateFormat\":\"m\\\/d\\\/Y\",\"startOfWeek\":\"1\",\"of\":\"of\",\"previousMonth\":\"Previous Month\",\"nextMonth\":\"Next Month\",\"months\":[\"January\",\"February\",\"March\",\"April\",\"May\",\"June\",\"July\",\"August\",\"September\",\"October\",\"November\",\"December\"],\"monthsShort\":[\"Jan\",\"Feb\",\"Mar\",\"Apr\",\"May\",\"Jun\",\"Jul\",\"Aug\",\"Sep\",\"Oct\",\"Nov\",\"Dec\"],\"weekdays\":[\"Sunday\",\"Monday\",\"Tuesday\",\"Wednesday\",\"Thursday\",\"Friday\",\"Saturday\"],\"weekdaysShort\":[\"Sun\",\"Mon\",\"Tue\",\"Wed\",\"Thu\",\"Fri\",\"Sat\"],\"weekdaysMin\":[\"Su\",\"Mo\",\"Tu\",\"We\",\"Th\",\"Fr\",\"Sa\"],\"recaptchaConsentMissing\":\"reCapctha validation couldn&#039;t load.\",\"recaptchaMissingCookie\":\"reCaptcha v3 validation couldn&#039;t load the cookie needed to submit the form.\",\"recaptchaConsentEvent\":\"Accept reCaptcha cookies before sending the form.\",\"currency_symbol\":\"\",\"beforeForm\":\"\",\"beforeFields\":\"\",\"afterFields\":\"\",\"afterForm\":\"\"};form.fields=[{\"objectType\":\"Field\",\"objectDomain\":\"fields\",\"editActive\":false,\"order\":1,\"idAttribute\":\"id\",\"label\":\"\",\"type\":\"firstname\",\"key\":\"nombre_completo_1657501094245\",\"label_pos\":\"above\",\"required\":0,\"default\":\"Nombre completo\",\"placeholder\":\"\",\"container_class\":\"\",\"element_class\":\"\",\"admin_label\":\"\",\"help_text\":\"\",\"custom_name_attribute\":\"fname\",\"personally_identifiable\":1,\"value\":\"Nombre completo\",\"drawerDisabled\":false,\"id\":21,\"beforeField\":\"\",\"afterField\":\"\",\"parentType\":\"firstname\",\"element_templates\":[\"firstname\",\"input\"],\"old_classname\":\"\",\"wrap_template\":\"wrap\"},{\"objectType\":\"Field\",\"objectDomain\":\"fields\",\"editActive\":false,\"order\":2,\"idAttribute\":\"id\",\"label\":\"\",\"type\":\"phone\",\"key\":\"phone_1657501064682\",\"label_pos\":\"above\",\"required\":false,\"default\":\"Tel\\u00e9fono\\\/ Whatsapp\",\"placeholder\":\"\",\"container_class\":\"\",\"element_class\":\"\",\"input_limit\":\"\",\"input_limit_type\":\"characters\",\"input_limit_msg\":\"Caracteres restantes\",\"manual_key\":false,\"admin_label\":\"\",\"help_text\":\"\",\"mask\":\"\",\"custom_mask\":\"\",\"custom_name_attribute\":\"phone\",\"personally_identifiable\":1,\"value\":\"Tel\\u00e9fono\\\/ Whatsapp\",\"drawerDisabled\":false,\"id\":22,\"beforeField\":\"\",\"afterField\":\"\",\"parentType\":\"textbox\",\"element_templates\":[\"tel\",\"textbox\",\"input\"],\"old_classname\":\"\",\"wrap_template\":\"wrap\"},{\"objectType\":\"Field\",\"objectDomain\":\"fields\",\"editActive\":false,\"order\":3,\"idAttribute\":\"id\",\"label\":\"\",\"type\":\"email\",\"key\":\"email_1657501070496\",\"label_pos\":\"above\",\"required\":false,\"default\":\"Correo electr\\u00f3nico\",\"placeholder\":\"\",\"container_class\":\"\",\"element_class\":\"\",\"admin_label\":\"\",\"help_text\":\"\",\"custom_name_attribute\":\"email\",\"personally_identifiable\":1,\"value\":\"Correo electr\\u00f3nico\",\"drawerDisabled\":false,\"id\":23,\"beforeField\":\"\",\"afterField\":\"\",\"parentType\":\"email\",\"element_templates\":[\"email\",\"input\"],\"old_classname\":\"\",\"wrap_template\":\"wrap\"},{\"objectType\":\"Field\",\"objectDomain\":\"fields\",\"editActive\":false,\"order\":4,\"idAttribute\":\"id\",\"label\":\"\",\"type\":\"textarea\",\"key\":\"textarea_1657501081417\",\"label_pos\":\"above\",\"required\":false,\"default\":\"Mensaje\",\"placeholder\":\"\",\"container_class\":\"\",\"element_class\":\"\",\"input_limit\":\"\",\"input_limit_type\":\"characters\",\"input_limit_msg\":\"Caracteres restantes\",\"manual_key\":false,\"admin_label\":\"\",\"help_text\":\"\",\"textarea_rte\":\"\",\"disable_rte_mobile\":\"\",\"textarea_media\":\"\",\"value\":\"Mensaje\",\"drawerDisabled\":false,\"id\":24,\"beforeField\":\"\",\"afterField\":\"\",\"parentType\":\"textarea\",\"element_templates\":[\"textarea\",\"input\"],\"old_classname\":\"\",\"wrap_template\":\"wrap\"},{\"objectType\":\"Field\",\"objectDomain\":\"fields\",\"editActive\":false,\"order\":9999,\"idAttribute\":\"id\",\"type\":\"submit\",\"label\":\"Enviar\",\"processing_label\":\"Procesando\",\"container_class\":\"\",\"element_class\":\"\",\"key\":\"enviar_1657597177423\",\"drawerDisabled\":false,\"id\":25,\"beforeField\":\"\",\"afterField\":\"\",\"value\":\"\",\"label_pos\":\"above\",\"parentType\":\"textbox\",\"element_templates\":[\"submit\",\"button\",\"input\"],\"old_classname\":\"\",\"wrap_template\":\"wrap-no-label\"}];nfForms.push(form);<\/script>\n        [\/vc_column_inner][vc_column_inner width=&#8221;1\/3&#8243;][vc_empty_space]<div class='q_icon_with_title small custom_icon_image '><div class=\"icon_holder \" style=\" \"><img decoding=\"async\" itemprop=\"image\" style=\"\" src=\"https:\/\/fundacionholastaff.org\/wp-content\/uploads\/2022\/07\/Fundacio\u0301n_Hola_Staff_044.png\" alt=\"\"><\/div><div class=\"icon_text_holder\" style=\"\"><div class=\"icon_text_inner\" style=\"\"><h4 class=\"icon_title\" style=\"color: #1d476c;\">contacto@fundacionholastaff.org<\/h4><p style=''><\/p><\/div><\/div><\/div>[vc_empty_space]<div class='q_icon_with_title small custom_icon_image '><div class=\"icon_holder \" style=\" \"><img decoding=\"async\" itemprop=\"image\" style=\"\" src=\"https:\/\/fundacionholastaff.org\/wp-content\/uploads\/2022\/07\/Fundacio\u0301n_Hola_Staff_045.png\" alt=\"\"><\/div><div class=\"icon_text_holder\" style=\"\"><div class=\"icon_text_inner\" style=\"\"><h4 class=\"icon_title\" style=\"color: #1d476c;\">Corporativo<\/h4><p style='color: #1d476c'>Piso 22, Torre JV 1 V\u00eda Atlixc\u00e1yotl 5208, Tlaxcalancingo, San Andr\u00e9s Cholula Puebla. C.P. 72820<\/p><\/div><\/div><\/div>[vc_empty_space]<span data-type=\"normal\"  class=\"qode_icon_shortcode  q_font_awsome_icon fa-lg  \" style=\" \"><i class=\"qode_icon_font_awesome fa  qode_icon_element\" style=\"\" ><\/i><\/span><span class='q_social_icon_holder circle_social' data-color=#004d72 ><a itemprop='url' href='https:\/\/www.facebook.com\/FB.FundacionHS' target='_blank'><span class='fa-stack fa-lg' style=''><i class=\"qode_icon_font_awesome fa fa-facebook-f \" style=\"color: #004d72;\" ><\/i><\/span><\/a><\/span><span class='q_social_icon_holder circle_social' data-color=#004d72 ><a itemprop='url' href='https:\/\/www.instagram.com\/fundacion_holastaff\/' target='_blank'><span class='fa-stack fa-lg' style=''><i class=\"qode_icon_font_awesome fa fa-instagram \" style=\"color: #004d72;\" ><\/i><\/span><\/a><\/span><span class='q_social_icon_holder circle_social' data-color=#004d72 ><a itemprop='url' href='https:\/\/www.youtube.com\/channel\/UCkSjoHe2XUvoeTacnpOP30w' target='_blank'><span class='fa-stack fa-lg' style=''><i class=\"qode_icon_font_awesome fa fa-youtube \" style=\"color: #004d72;\" ><\/i><\/span><\/a><\/span>[\/vc_column_inner][\/vc_row_inner][\/vc_column][\/vc_row]<\/p>\n","protected":false},"excerpt":{"rendered":"<p>[vc_row css_animation=&#8221;&#8221; row_type=&#8221;row&#8221; use_row_as_full_screen_section=&#8221;no&#8221; type=&#8221;full_width&#8221; angled_section=&#8221;no&#8221; text_align=&#8221;left&#8221; background_image_as_pattern=&#8221;with_pattern&#8221; el_id=&#8221;planes&#8221; z_index=&#8221;&#8221; background_image=&#8221;15662&#8243; padding_top=&#8221;200px&#8221; padding_bottom=&#8221;200px&#8221;][vc_column][vc_empty_space][vc_row_inner row_type=&#8221;row&#8221; type=&#8221;grid&#8221; text_align=&#8221;left&#8221; css_animation=&#8221;&#8221;][vc_column_inner width=&#8221;1\/3&#8243;][vc_empty_space][vc_empty_space][\/vc_column_inner][vc_column_inner width=&#8221;1\/3&#8243;][vc_empty_space][vc_empty_space][\/vc_column_inner][vc_column_inner width=&#8221;1\/3&#8243;][vc_empty_space][vc_empty_space][\/vc_column_inner][\/vc_row_inner][vc_empty_space][\/vc_column][\/vc_row][vc_row css_animation=&#8221;&#8221; row_type=&#8221;row&#8221; use_row_as_full_screen_section=&#8221;no&#8221; type=&#8221;full_width&#8221; angled_section=&#8221;no&#8221; text_align=&#8221;left&#8221; background_image_as_pattern=&#8221;without_pattern&#8221; z_index=&#8221;&#8221; background_image=&#8221;15663&#8243;][vc_column][vc_empty_space][vc_row_inner row_type=&#8221;row&#8221; type=&#8221;grid&#8221; text_align=&#8221;left&#8221; css_animation=&#8221;&#8221;][vc_column_inner][vc_empty_space][vc_video link=&#8221;https:\/\/www.youtube.com\/watch?v=OIAnmBgVnS4&#8243; align=&#8221;center&#8221;][vc_empty_space][\/vc_column_inner][\/vc_row_inner][\/vc_column][\/vc_row][vc_row css_animation=&#8221;&#8221; row_type=&#8221;row&#8221; use_row_as_full_screen_section=&#8221;no&#8221; type=&#8221;full_width&#8221; angled_section=&#8221;no&#8221; text_align=&#8221;left&#8221; background_image_as_pattern=&#8221;without_pattern&#8221;][vc_column][vc_empty_space][\/vc_column][\/vc_row][vc_row css_animation=&#8221;&#8221; row_type=&#8221;row&#8221; use_row_as_full_screen_section=&#8221;no&#8221;&#8230;<\/p>\n","protected":false},"author":1,"featured_media":0,"parent":0,"menu_order":0,"comment_status":"closed","ping_status":"closed","template":"full_width.php","meta":{"footnotes":""},"class_list":["post-15556","page","type-page","status-publish","hentry"],"_links":{"self":[{"href":"https:\/\/fundacionholastaff.org\/index.php\/wp-json\/wp\/v2\/pages\/15556","targetHints":{"allow":["GET"]}}],"collection":[{"href":"https:\/\/fundacionholastaff.org\/index.php\/wp-json\/wp\/v2\/pages"}],"about":[{"href":"https:\/\/fundacionholastaff.org\/index.php\/wp-json\/wp\/v2\/types\/page"}],"author":[{"embeddable":true,"href":"https:\/\/fundacionholastaff.org\/index.php\/wp-json\/wp\/v2\/users\/1"}],"replies":[{"embeddable":true,"href":"https:\/\/fundacionholastaff.org\/index.php\/wp-json\/wp\/v2\/comments?post=15556"}],"version-history":[{"count":30,"href":"https:\/\/fundacionholastaff.org\/index.php\/wp-json\/wp\/v2\/pages\/15556\/revisions"}],"predecessor-version":[{"id":15608,"href":"https:\/\/fundacionholastaff.org\/index.php\/wp-json\/wp\/v2\/pages\/15556\/revisions\/15608"}],"wp:attachment":[{"href":"https:\/\/fundacionholastaff.org\/index.php\/wp-json\/wp\/v2\/media?parent=15556"}],"curies":[{"name":"wp","href":"https:\/\/api.w.org\/{rel}","templated":true}]}}